{"id":2082,"date":"2021-07-16T09:54:47","date_gmt":"2021-07-16T09:54:47","guid":{"rendered":"https:\/\/www.palomadtraducciones.com\/blog\/"},"modified":"2026-02-11T14:54:28","modified_gmt":"2026-02-11T14:54:28","slug":"blog","status":"publish","type":"page","link":"http:\/\/www.palomadtraducciones.com\/en\/blog\/","title":{"rendered":"Paloma D. Traducciones | My blog"},"content":{"rendered":"<style>.kb-row-layout-id2082_59e5af-b8 > .kt-row-column-wrap{align-content:start;}:where(.kb-row-layout-id2082_59e5af-b8 > .kt-row-column-wrap) > .wp-block-kadence-column{justify-content:start;}.kb-row-layout-id2082_59e5af-b8 > .kt-row-column-wrap{column-gap:var(--global-kb-gap-md, 2rem);row-gap:var(--global-kb-gap-md, 2rem);max-width:900px;margin-left:auto;margin-right:auto;padding-top:70px;padding-bottom:70px;grid-template-columns:minmax(0, 1fr);}.kb-row-layout-id2082_59e5af-b8 > .kt-row-layout-overlay{opacity:0.30;}@media all and (max-width: 1024px){.kb-row-layout-id2082_59e5af-b8 > .kt-row-column-wrap{grid-template-columns:minmax(0, 1fr);}}@media all and (max-width: 767px){.kb-row-layout-id2082_59e5af-b8 > .kt-row-column-wrap{padding-top:50px;padding-right:30px;padding-bottom:50px;padding-left:30px;grid-template-columns:minmax(0, 1fr);}}<\/style><div class=\"kb-row-layout-wrap kb-row-layout-id2082_59e5af-b8 alignnone wp-block-kadence-rowlayout\"><div class=\"kt-row-column-wrap kt-has-2-columns kt-row-layout-row kt-tab-layout-inherit kt-mobile-layout-row kt-row-valign-top\">\n<style>.kadence-column2082_495ed7-16 > .kt-inside-inner-col,.kadence-column2082_495ed7-16 > .kt-inside-inner-col:before{border-top-left-radius:0px;border-top-right-radius:0px;border-bottom-right-radius:0px;border-bottom-left-radius:0px;}.kadence-column2082_495ed7-16 > .kt-inside-inner-col{column-gap:var(--global-kb-gap-sm, 1rem);}.kadence-column2082_495ed7-16 > .kt-inside-inner-col{flex-direction:column;}.kadence-column2082_495ed7-16 > .kt-inside-inner-col > .aligncenter{width:100%;}.kadence-column2082_495ed7-16 > .kt-inside-inner-col:before{opacity:0.3;}.kadence-column2082_495ed7-16{position:relative;}@media all and (max-width: 1024px){.kadence-column2082_495ed7-16 > .kt-inside-inner-col{flex-direction:column;justify-content:center;}}@media all and (max-width: 767px){.kadence-column2082_495ed7-16 > .kt-inside-inner-col{flex-direction:column;justify-content:center;}}<\/style>\n<div class=\"wp-block-kadence-column kadence-column2082_495ed7-16\"><div class=\"kt-inside-inner-col\"><style>.wp-block-kadence-advancedheading.kt-adv-heading2082_6ded29-b4, .wp-block-kadence-advancedheading.kt-adv-heading2082_6ded29-b4[data-kb-block=\"kb-adv-heading2082_6ded29-b4\"]{text-align:center;font-size:35px;line-height:1.2;font-style:normal;text-transform:none;}.wp-block-kadence-advancedheading.kt-adv-heading2082_6ded29-b4 mark.kt-highlight, .wp-block-kadence-advancedheading.kt-adv-heading2082_6ded29-b4[data-kb-block=\"kb-adv-heading2082_6ded29-b4\"] mark.kt-highlight{font-style:normal;color:#f76a0c;-webkit-box-decoration-break:clone;box-decoration-break:clone;padding-top:0px;padding-right:0px;padding-bottom:0px;padding-left:0px;}.wp-block-kadence-advancedheading.kt-adv-heading2082_6ded29-b4 img.kb-inline-image, .wp-block-kadence-advancedheading.kt-adv-heading2082_6ded29-b4[data-kb-block=\"kb-adv-heading2082_6ded29-b4\"] img.kb-inline-image{width:150px;vertical-align:baseline;}@media all and (max-width: 767px){.wp-block-kadence-advancedheading.kt-adv-heading2082_6ded29-b4, .wp-block-kadence-advancedheading.kt-adv-heading2082_6ded29-b4[data-kb-block=\"kb-adv-heading2082_6ded29-b4\"]{padding-right:0px;padding-left:0px;font-size:28px;}}<\/style>\n<h2 class=\"kt-adv-heading2082_6ded29-b4 wp-block-kadence-advancedheading\" data-kb-block=\"kb-adv-heading2082_6ded29-b4\">Learn and discover interesting facts about language and much more on my blog<\/h2>\n<\/div><\/div>\n\n\n<style>.kadence-column2082_105791-53 > .kt-inside-inner-col,.kadence-column2082_105791-53 > .kt-inside-inner-col:before{border-top-left-radius:0px;border-top-right-radius:0px;border-bottom-right-radius:0px;border-bottom-left-radius:0px;}.kadence-column2082_105791-53 > .kt-inside-inner-col{column-gap:var(--global-kb-gap-sm, 1rem);}.kadence-column2082_105791-53 > .kt-inside-inner-col{flex-direction:column;}.kadence-column2082_105791-53 > .kt-inside-inner-col > .aligncenter{width:100%;}.kadence-column2082_105791-53 > .kt-inside-inner-col:before{opacity:0.3;}.kadence-column2082_105791-53{position:relative;}@media all and (max-width: 1024px){.kadence-column2082_105791-53 > .kt-inside-inner-col{flex-direction:column;justify-content:center;}}@media all and (max-width: 767px){.kadence-column2082_105791-53 > .kt-inside-inner-col{flex-direction:column;justify-content:center;}}<\/style>\n<div class=\"wp-block-kadence-column kadence-column2082_105791-53\"><div class=\"kt-inside-inner-col\"><style>.wp-block-kadence-advancedheading.kt-adv-heading2082_10890d-03, .wp-block-kadence-advancedheading.kt-adv-heading2082_10890d-03[data-kb-block=\"kb-adv-heading2082_10890d-03\"]{text-align:center;font-size:18px;font-style:normal;text-transform:none;}.wp-block-kadence-advancedheading.kt-adv-heading2082_10890d-03 mark.kt-highlight, .wp-block-kadence-advancedheading.kt-adv-heading2082_10890d-03[data-kb-block=\"kb-adv-heading2082_10890d-03\"] mark.kt-highlight{font-style:normal;color:#f76a0c;-webkit-box-decoration-break:clone;box-decoration-break:clone;padding-top:0px;padding-right:0px;padding-bottom:0px;padding-left:0px;}.wp-block-kadence-advancedheading.kt-adv-heading2082_10890d-03 img.kb-inline-image, .wp-block-kadence-advancedheading.kt-adv-heading2082_10890d-03[data-kb-block=\"kb-adv-heading2082_10890d-03\"] img.kb-inline-image{width:150px;vertical-align:baseline;}@media all and (max-width: 767px){.wp-block-kadence-advancedheading.kt-adv-heading2082_10890d-03, .wp-block-kadence-advancedheading.kt-adv-heading2082_10890d-03[data-kb-block=\"kb-adv-heading2082_10890d-03\"]{font-size:17px;}}<\/style>\n<p class=\"kt-adv-heading2082_10890d-03 wp-block-kadence-advancedheading\" data-kb-block=\"kb-adv-heading2082_10890d-03\">Here, I&#8217;ll talk about what I&#8217;ve learned through my work, interesting facts about Spanish, English, and other languages, details about life as a freelancer, and much more. Don&#8217;t miss out on the latest news!<\/p>\n<\/div><\/div>\n\n<\/div><\/div>\n\n<style>.kb-row-layout-id2082_31da88-90 > .kt-row-column-wrap{align-content:start;}:where(.kb-row-layout-id2082_31da88-90 > .kt-row-column-wrap) > .wp-block-kadence-column{justify-content:start;}.kb-row-layout-id2082_31da88-90 > .kt-row-column-wrap{column-gap:var(--global-kb-gap-md, 2rem);row-gap:var(--global-kb-gap-md, 2rem);max-width:var( --global-content-width, 1290px );padding-left:var(--global-content-edge-padding);padding-right:var(--global-content-edge-padding);padding-top:70px;padding-bottom:70px;grid-template-columns:minmax(0, 1fr);}.kb-row-layout-id2082_31da88-90 > .kt-row-layout-overlay{opacity:0.30;}@media all and (max-width: 1024px){.kb-row-layout-id2082_31da88-90 > .kt-row-column-wrap{grid-template-columns:minmax(0, 1fr);}}@media all and (max-width: 767px){.kb-row-layout-id2082_31da88-90 > .kt-row-column-wrap{padding-top:40px;padding-bottom:40px;grid-template-columns:minmax(0, 1fr);}}<\/style><div class=\"kb-row-layout-wrap kb-row-layout-id2082_31da88-90 alignnone has-theme-palette8-background-color kt-row-has-bg wp-block-kadence-rowlayout\"><div class=\"kt-row-column-wrap kt-has-1-columns kt-row-layout-equal kt-tab-layout-inherit kt-mobile-layout-row kt-row-valign-top kb-theme-content-width\">\n<style>.kadence-column2082_194f94-0e > .kt-inside-inner-col,.kadence-column2082_194f94-0e > .kt-inside-inner-col:before{border-top-left-radius:0px;border-top-right-radius:0px;border-bottom-right-radius:0px;border-bottom-left-radius:0px;}.kadence-column2082_194f94-0e > .kt-inside-inner-col{column-gap:var(--global-kb-gap-sm, 1rem);}.kadence-column2082_194f94-0e > .kt-inside-inner-col{flex-direction:column;}.kadence-column2082_194f94-0e > .kt-inside-inner-col > .aligncenter{width:100%;}.kadence-column2082_194f94-0e > .kt-inside-inner-col:before{opacity:0.3;}.kadence-column2082_194f94-0e{position:relative;}@media all and (max-width: 1024px){.kadence-column2082_194f94-0e > .kt-inside-inner-col{flex-direction:column;justify-content:center;}}@media all and (max-width: 767px){.kadence-column2082_194f94-0e > .kt-inside-inner-col{flex-direction:column;justify-content:center;}}<\/style>\n<div class=\"wp-block-kadence-column kadence-column2082_194f94-0e\"><div class=\"kt-inside-inner-col\"><style>.kb-posts-id-2082_9dc9df-33 .entry.loop-entry .entry-header .entry-title{font-size:var(--global-kb-font-size-md, 1.25rem);}.kb-posts-id-2082_9dc9df-33 .kb-post-list-item{display:grid;}<\/style><ul class=\"wp-block-kadence-posts kb-posts kadence-posts-list kb-posts-id-2082_9dc9df-33 content-wrap grid-cols kb-posts-style-boxed grid-sm-col-2 grid-lg-col-3 item-image-style-above\"><li class=\"kb-post-list-item\">\n\t<article class=\"entry content-bg loop-entry post-2150 post type-post status-publish format-standard has-post-thumbnail hentry category-personal tag-freelance-life tag-project-management tag-what-ive-learned\">\n\t\t\t\t<a aria-hidden=\"true\" tabindex=\"-1\" role=\"presentation\" class=\"post-thumbnail kadence-thumbnail-ratio-2-3\" href=\"http:\/\/www.palomadtraducciones.com\/en\/project-manager-freelance-translator\/\" aria-label=\"From project manager to freelance translator: what I&#8217;ve learned from both worlds\">\n\t\t\t<div class=\"post-thumbnail-inner\">\n\t\t\t\t<img loading=\"lazy\" decoding=\"async\" width=\"768\" height=\"432\" src=\"http:\/\/www.palomadtraducciones.com\/wp-content\/uploads\/2021\/07\/blog_1-768x432.jpg\" class=\"attachment-medium_large size-medium_large wp-post-image\" alt=\"From project manager to freelance translator: what I&#8217;ve learned from both worlds\" srcset=\"http:\/\/www.palomadtraducciones.com\/wp-content\/uploads\/2021\/07\/blog_1-768x432.jpg 768w, http:\/\/www.palomadtraducciones.com\/wp-content\/uploads\/2021\/07\/blog_1-300x169.jpg 300w, http:\/\/www.palomadtraducciones.com\/wp-content\/uploads\/2021\/07\/blog_1.jpg 1025w\" sizes=\"auto, (max-width: 768px) 100vw, 768px\" \/>\t\t\t<\/div>\n\t\t<\/a><!-- .post-thumbnail -->\n\t\t\t\t<div class=\"entry-content-wrap\">\n\t\t\t<header class=\"entry-header\">\n\t<h2 class=\"entry-title\"><a href=\"http:\/\/www.palomadtraducciones.com\/en\/project-manager-freelance-translator\/\" rel=\"bookmark\">From project manager to freelance translator: what I&#8217;ve learned from both worlds<\/a><\/h2><\/header><!-- .entry-header -->\n\t<div class=\"entry-summary\">\n\t\t<p>Welcome to my first blog post! My name is Paloma, and my professional journey has given me a unique perspective&#8230;<\/p>\n\t<\/div><!-- .entry-summary -->\n\t<footer class=\"entry-footer\">\n\t\t\t<div class=\"entry-actions\">\n\t\t\t<p class=\"more-link-wrap\">\n\t\t\t\t<a href=\"http:\/\/www.palomadtraducciones.com\/en\/project-manager-freelance-translator\/\" class=\"post-more-link\">\n\t\t\t\t\tRead More<span class=\"screen-reader-text\"> From project manager to freelance translator: what I&#8217;ve learned from both worlds<\/span><span class=\"kadence-svg-iconset svg-baseline\"><svg aria-hidden=\"true\" class=\"kadence-svg-icon kadence-arrow-right-alt-svg\" fill=\"currentColor\" version=\"1.1\" xmlns=\"http:\/\/www.w3.org\/2000\/svg\" width=\"27\" height=\"28\" viewBox=\"0 0 27 28\"><title>Continue<\/title><path d=\"M27 13.953c0 0.141-0.063 0.281-0.156 0.375l-6 5.531c-0.156 0.141-0.359 0.172-0.547 0.094-0.172-0.078-0.297-0.25-0.297-0.453v-3.5h-19.5c-0.281 0-0.5-0.219-0.5-0.5v-3c0-0.281 0.219-0.5 0.5-0.5h19.5v-3.5c0-0.203 0.109-0.375 0.297-0.453s0.391-0.047 0.547 0.078l6 5.469c0.094 0.094 0.156 0.219 0.156 0.359v0z\"><\/path>\n\t\t\t<\/svg><\/span>\t\t\t\t<\/a>\n\t\t\t<\/p>\n\t\t<\/div><!-- .entry-actions -->\n\t\t<\/footer><!-- .entry-footer -->\t\t<\/div>\n\t<\/article>\n<\/li>\n<\/ul><\/div><\/div>\n\n<\/div><\/div>","protected":false},"excerpt":{"rendered":"<p>Learn and discover interesting facts about language and much more on my blog Here, I&#8217;ll talk about what I&#8217;ve learned through my work, interesting facts about Spanish, English, and other languages, details about life as a freelancer, and much more. Don&#8217;t miss out on the latest news!<\/p>\n","protected":false},"author":1,"featured_media":0,"parent":0,"menu_order":0,"comment_status":"closed","ping_status":"closed","template":"","meta":{"_uag_custom_page_level_css":"","_kadence_starter_templates_imported_post":false,"_kad_post_transparent":"","_kad_post_title":"show","_kad_post_layout":"fullwidth","_kad_post_sidebar_id":"","_kad_post_content_style":"unboxed","_kad_post_vertical_padding":"","_kad_post_feature":"","_kad_post_feature_position":"","_kad_post_header":false,"_kad_post_footer":false,"_kad_post_classname":"","footnotes":""},"class_list":["post-2082","page","type-page","status-publish","hentry"],"yoast_head":"<!-- This site is optimized with the Yoast SEO plugin v27.3 - https:\/\/yoast.com\/product\/yoast-seo-wordpress\/ -->\n<title>Paloma D. Traducciones | Blog<\/title>\n<meta name=\"description\" content=\"Descubre curiosidades sobre la traducci\u00f3n, correcci\u00f3n, redacci\u00f3n y otros temas relacionados con los idiomas en mi blog.\" \/>\n<meta name=\"robots\" content=\"index, follow, max-snippet:-1, max-image-preview:large, max-video-preview:-1\" \/>\n<link rel=\"canonical\" href=\"http:\/\/www.palomadtraducciones.com\/en\/blog\/\" \/>\n<meta property=\"og:locale\" content=\"en_US\" \/>\n<meta property=\"og:type\" content=\"article\" \/>\n<meta property=\"og:title\" content=\"Paloma D. Traducciones | Blog\" \/>\n<meta property=\"og:description\" content=\"Descubre curiosidades sobre la traducci\u00f3n, correcci\u00f3n, redacci\u00f3n y otros temas relacionados con los idiomas en mi blog.\" \/>\n<meta property=\"og:url\" content=\"http:\/\/www.palomadtraducciones.com\/en\/blog\/\" \/>\n<meta property=\"og:site_name\" content=\"Paloma D Traducciones\" \/>\n<meta property=\"article:modified_time\" content=\"2026-02-11T14:54:28+00:00\" \/>\n<meta name=\"twitter:card\" content=\"summary_large_image\" \/>\n<meta name=\"twitter:label1\" content=\"Est. reading time\" \/>\n\t<meta name=\"twitter:data1\" content=\"1 minute\" \/>\n<script type=\"application\/ld+json\" class=\"yoast-schema-graph\">{\"@context\":\"https:\\\/\\\/schema.org\",\"@graph\":[{\"@type\":\"WebPage\",\"@id\":\"http:\\\/\\\/www.palomadtraducciones.com\\\/en\\\/blog\\\/\",\"url\":\"http:\\\/\\\/www.palomadtraducciones.com\\\/en\\\/blog\\\/\",\"name\":\"Paloma D. Traducciones | Blog\",\"isPartOf\":{\"@id\":\"http:\\\/\\\/www.palomadtraducciones.com\\\/#website\"},\"datePublished\":\"2021-07-16T09:54:47+00:00\",\"dateModified\":\"2026-02-11T14:54:28+00:00\",\"description\":\"Descubre curiosidades sobre la traducci\u00f3n, correcci\u00f3n, redacci\u00f3n y otros temas relacionados con los idiomas en mi blog.\",\"breadcrumb\":{\"@id\":\"http:\\\/\\\/www.palomadtraducciones.com\\\/en\\\/blog\\\/#breadcrumb\"},\"inLanguage\":\"en-US\",\"potentialAction\":[{\"@type\":\"ReadAction\",\"target\":[\"http:\\\/\\\/www.palomadtraducciones.com\\\/en\\\/blog\\\/\"]}]},{\"@type\":\"BreadcrumbList\",\"@id\":\"http:\\\/\\\/www.palomadtraducciones.com\\\/en\\\/blog\\\/#breadcrumb\",\"itemListElement\":[{\"@type\":\"ListItem\",\"position\":1,\"name\":\"Portada\",\"item\":\"https:\\\/\\\/www.palomadtraducciones.com\\\/en\\\/\"},{\"@type\":\"ListItem\",\"position\":2,\"name\":\"Paloma D. Traducciones | My blog\"}]},{\"@type\":\"WebSite\",\"@id\":\"http:\\\/\\\/www.palomadtraducciones.com\\\/#website\",\"url\":\"http:\\\/\\\/www.palomadtraducciones.com\\\/\",\"name\":\"Paloma D Traducciones\",\"description\":\"Translator, proofreader and copywriter in Spanish\",\"publisher\":{\"@id\":\"http:\\\/\\\/www.palomadtraducciones.com\\\/#organization\"},\"potentialAction\":[{\"@type\":\"SearchAction\",\"target\":{\"@type\":\"EntryPoint\",\"urlTemplate\":\"http:\\\/\\\/www.palomadtraducciones.com\\\/?s={search_term_string}\"},\"query-input\":{\"@type\":\"PropertyValueSpecification\",\"valueRequired\":true,\"valueName\":\"search_term_string\"}}],\"inLanguage\":\"en-US\"},{\"@type\":\"Organization\",\"@id\":\"http:\\\/\\\/www.palomadtraducciones.com\\\/#organization\",\"name\":\"Paloma D Traducciones\",\"url\":\"http:\\\/\\\/www.palomadtraducciones.com\\\/\",\"logo\":{\"@type\":\"ImageObject\",\"inLanguage\":\"en-US\",\"@id\":\"http:\\\/\\\/www.palomadtraducciones.com\\\/#\\\/schema\\\/logo\\\/image\\\/\",\"url\":\"http:\\\/\\\/www.palomadtraducciones.com\\\/wp-content\\\/uploads\\\/2025\\\/11\\\/palomadproducciones-logo-e1764332647381.png\",\"contentUrl\":\"http:\\\/\\\/www.palomadtraducciones.com\\\/wp-content\\\/uploads\\\/2025\\\/11\\\/palomadproducciones-logo-e1764332647381.png\",\"width\":314,\"height\":314,\"caption\":\"Paloma D Traducciones\"},\"image\":{\"@id\":\"http:\\\/\\\/www.palomadtraducciones.com\\\/#\\\/schema\\\/logo\\\/image\\\/\"}}]}<\/script>\n<!-- \/ Yoast SEO plugin. -->","yoast_head_json":{"title":"Paloma D. Traducciones | Blog","description":"Descubre curiosidades sobre la traducci\u00f3n, correcci\u00f3n, redacci\u00f3n y otros temas relacionados con los idiomas en mi blog.","robots":{"index":"index","follow":"follow","max-snippet":"max-snippet:-1","max-image-preview":"max-image-preview:large","max-video-preview":"max-video-preview:-1"},"canonical":"http:\/\/www.palomadtraducciones.com\/en\/blog\/","og_locale":"en_US","og_type":"article","og_title":"Paloma D. Traducciones | Blog","og_description":"Descubre curiosidades sobre la traducci\u00f3n, correcci\u00f3n, redacci\u00f3n y otros temas relacionados con los idiomas en mi blog.","og_url":"http:\/\/www.palomadtraducciones.com\/en\/blog\/","og_site_name":"Paloma D Traducciones","article_modified_time":"2026-02-11T14:54:28+00:00","twitter_card":"summary_large_image","twitter_misc":{"Est. reading time":"1 minute"},"schema":{"@context":"https:\/\/schema.org","@graph":[{"@type":"WebPage","@id":"http:\/\/www.palomadtraducciones.com\/en\/blog\/","url":"http:\/\/www.palomadtraducciones.com\/en\/blog\/","name":"Paloma D. Traducciones | Blog","isPartOf":{"@id":"http:\/\/www.palomadtraducciones.com\/#website"},"datePublished":"2021-07-16T09:54:47+00:00","dateModified":"2026-02-11T14:54:28+00:00","description":"Descubre curiosidades sobre la traducci\u00f3n, correcci\u00f3n, redacci\u00f3n y otros temas relacionados con los idiomas en mi blog.","breadcrumb":{"@id":"http:\/\/www.palomadtraducciones.com\/en\/blog\/#breadcrumb"},"inLanguage":"en-US","potentialAction":[{"@type":"ReadAction","target":["http:\/\/www.palomadtraducciones.com\/en\/blog\/"]}]},{"@type":"BreadcrumbList","@id":"http:\/\/www.palomadtraducciones.com\/en\/blog\/#breadcrumb","itemListElement":[{"@type":"ListItem","position":1,"name":"Portada","item":"https:\/\/www.palomadtraducciones.com\/en\/"},{"@type":"ListItem","position":2,"name":"Paloma D. Traducciones | My blog"}]},{"@type":"WebSite","@id":"http:\/\/www.palomadtraducciones.com\/#website","url":"http:\/\/www.palomadtraducciones.com\/","name":"Paloma D Traducciones","description":"Translator, proofreader and copywriter in Spanish","publisher":{"@id":"http:\/\/www.palomadtraducciones.com\/#organization"},"potentialAction":[{"@type":"SearchAction","target":{"@type":"EntryPoint","urlTemplate":"http:\/\/www.palomadtraducciones.com\/?s={search_term_string}"},"query-input":{"@type":"PropertyValueSpecification","valueRequired":true,"valueName":"search_term_string"}}],"inLanguage":"en-US"},{"@type":"Organization","@id":"http:\/\/www.palomadtraducciones.com\/#organization","name":"Paloma D Traducciones","url":"http:\/\/www.palomadtraducciones.com\/","logo":{"@type":"ImageObject","inLanguage":"en-US","@id":"http:\/\/www.palomadtraducciones.com\/#\/schema\/logo\/image\/","url":"http:\/\/www.palomadtraducciones.com\/wp-content\/uploads\/2025\/11\/palomadproducciones-logo-e1764332647381.png","contentUrl":"http:\/\/www.palomadtraducciones.com\/wp-content\/uploads\/2025\/11\/palomadproducciones-logo-e1764332647381.png","width":314,"height":314,"caption":"Paloma D Traducciones"},"image":{"@id":"http:\/\/www.palomadtraducciones.com\/#\/schema\/logo\/image\/"}}]}},"uagb_featured_image_src":{"full":false,"thumbnail":false,"medium":false,"medium_large":false,"large":false,"1536x1536":false,"2048x2048":false},"uagb_author_info":{"display_name":"admin","author_link":"http:\/\/www.palomadtraducciones.com\/en\/author\/admin\/"},"uagb_comment_info":0,"uagb_excerpt":"Learn and discover interesting facts about language and much more on my blog Here, I&#8217;ll talk about what I&#8217;ve learned through my work, interesting facts about Spanish, English, and other languages, details about life as a freelancer, and much more. Don&#8217;t miss out on the latest news!","_links":{"self":[{"href":"http:\/\/www.palomadtraducciones.com\/en\/wp-json\/wp\/v2\/pages\/2082","targetHints":{"allow":["GET"]}}],"collection":[{"href":"http:\/\/www.palomadtraducciones.com\/en\/wp-json\/wp\/v2\/pages"}],"about":[{"href":"http:\/\/www.palomadtraducciones.com\/en\/wp-json\/wp\/v2\/types\/page"}],"author":[{"embeddable":true,"href":"http:\/\/www.palomadtraducciones.com\/en\/wp-json\/wp\/v2\/users\/1"}],"replies":[{"embeddable":true,"href":"http:\/\/www.palomadtraducciones.com\/en\/wp-json\/wp\/v2\/comments?post=2082"}],"version-history":[{"count":2,"href":"http:\/\/www.palomadtraducciones.com\/en\/wp-json\/wp\/v2\/pages\/2082\/revisions"}],"predecessor-version":[{"id":2086,"href":"http:\/\/www.palomadtraducciones.com\/en\/wp-json\/wp\/v2\/pages\/2082\/revisions\/2086"}],"wp:attachment":[{"href":"http:\/\/www.palomadtraducciones.com\/en\/wp-json\/wp\/v2\/media?parent=2082"}],"curies":[{"name":"wp","href":"https:\/\/api.w.org\/{rel}","templated":true}]}}